{"id":337,"date":"2021-07-13T00:10:05","date_gmt":"2021-07-12T21:10:05","guid":{"rendered":"https:\/\/www.binavlun.com\/?page_id=337"},"modified":"2021-07-13T00:49:08","modified_gmt":"2021-07-12T21:49:08","slug":"depomaa","status":"publish","type":"page","link":"https:\/\/www.binavlun.com\/?page_id=337","title":{"rendered":"DEPOMALAMA \u00c7\u00d6Z\u00dcMLER\u0130"},"content":{"rendered":"\n<div class=\"wp-block-media-text alignwide is-stacked-on-mobile\"><figure class=\"wp-block-media-text__media\"><img loading=\"lazy\" decoding=\"async\" width=\"590\" height=\"590\" src=\"https:\/\/www.binavlun.com\/wp-content\/uploads\/2021\/02\/preview.jpg\" alt=\"\" class=\"wp-image-260\" srcset=\"https:\/\/www.binavlun.com\/wp-content\/uploads\/2021\/02\/preview.jpg 590w, https:\/\/www.binavlun.com\/wp-content\/uploads\/2021\/02\/preview-300x300.jpg 300w, https:\/\/www.binavlun.com\/wp-content\/uploads\/2021\/02\/preview-150x150.jpg 150w\" sizes=\"(max-width: 590px) 100vw, 590px\" \/><\/figure><div class=\"wp-block-media-text__content\">\n<!-- form.123formbuilder.com script begins here --><script type=\"text\/javascript\" defer src=\"https:\/\/form.123formbuilder.com\/embed\/5952226.js\" data-role=\"form\" data-default-width=\"650px\"><\/script><!-- form.123formbuilder.com script ends here -->\n<\/div><\/div>\n","protected":false},"excerpt":{"rendered":"","protected":false},"author":1,"featured_media":0,"parent":0,"menu_order":0,"comment_status":"closed","ping_status":"closed","template":"","meta":{"footnotes":""},"_links":{"self":[{"href":"https:\/\/www.binavlun.com\/index.php?rest_route=\/wp\/v2\/pages\/337"}],"collection":[{"href":"https:\/\/www.binavlun.com\/index.php?rest_route=\/wp\/v2\/pages"}],"about":[{"href":"https:\/\/www.binavlun.com\/index.php?rest_route=\/wp\/v2\/types\/page"}],"author":[{"embeddable":true,"href":"https:\/\/www.binavlun.com\/index.php?rest_route=\/wp\/v2\/users\/1"}],"replies":[{"embeddable":true,"href":"https:\/\/www.binavlun.com\/index.php?rest_route=%2Fwp%2Fv2%2Fcomments&post=337"}],"version-history":[{"count":2,"href":"https:\/\/www.binavlun.com\/index.php?rest_route=\/wp\/v2\/pages\/337\/revisions"}],"predecessor-version":[{"id":343,"href":"https:\/\/www.binavlun.com\/index.php?rest_route=\/wp\/v2\/pages\/337\/revisions\/343"}],"wp:attachment":[{"href":"https:\/\/www.binavlun.com\/index.php?rest_route=%2Fwp%2Fv2%2Fmedia&parent=337"}],"curies":[{"name":"wp","href":"https:\/\/api.w.org\/{rel}","templated":true}]}}