{"id":344,"date":"2021-07-15T02:17:30","date_gmt":"2021-07-14T23:17:30","guid":{"rendered":"https:\/\/www.binavlun.com\/?page_id=344"},"modified":"2021-07-27T14:52:54","modified_gmt":"2021-07-27T11:52:54","slug":"bi-navlun-kargo","status":"publish","type":"page","link":"https:\/\/www.binavlun.com\/?page_id=344","title":{"rendered":"Bi Navlun &#8211; Kargo"},"content":{"rendered":"\n<p><span class=\"has-inline-color has-very-dark-gray-color\"><strong>B\u0130 NAVLUN KARGO merkezlerimiz, depolama \u00e7\u00f6z\u00fcmlerimize ek olarak, \u00fcr\u00fcnlerinizin sadece depolanmas\u0131n\u0131 de\u011fil, kargoya verilmesine kadar olan t\u00fcm s\u00fcre\u00e7leri de kapsayan hizmetleri sundu\u011fumuz lokasyonlar\u0131m\u0131zd\u0131r. <\/strong><\/span><\/p>\n\n\n\n<p><strong><span class=\"has-inline-color has-very-dark-gray-color\">Depodan ve ma\u011fazdan Ayn\u0131-G\u00fcn ve Sonraki G\u00fcn Teslimat hizmeti ile %100 m\u00fc\u015fteri memnuniyeti sa\u011fl\u0131yoruz.<\/span><\/strong><\/p>\n\n\n\n<div class=\"wp-block-media-text alignwide is-stacked-on-mobile is-vertically-aligned-top\"><figure class=\"wp-block-media-text__media\"><img loading=\"lazy\" decoding=\"async\" width=\"626\" height=\"685\" src=\"https:\/\/www.binavlun.com\/wp-content\/uploads\/2021\/07\/binavlunhizlikargo.jpg\" alt=\"\" class=\"wp-image-348\" srcset=\"https:\/\/www.binavlun.com\/wp-content\/uploads\/2021\/07\/binavlunhizlikargo.jpg 626w, https:\/\/www.binavlun.com\/wp-content\/uploads\/2021\/07\/binavlunhizlikargo-274x300.jpg 274w\" sizes=\"(max-width: 626px) 100vw, 626px\" \/><\/figure><div class=\"wp-block-media-text__content\">\n<p><strong>FORMU DOLDURUN <\/strong><\/p>\n\n\n\n<p><strong>S\u0130Z\u0130 ARAYALIM !<\/strong><\/p>\n\n\n\n<!-- form.123formbuilder.com script begins here --><script type=\"text\/javascript\" defer=\"\" src=\"https:\/\/form.123formbuilder.com\/embed\/5954134.js\" data-role=\"form\" data-default-width=\"650px\"><\/script><!-- form.123formbuilder.com script ends here -->\n\n\n\n<p><\/p>\n<\/div><\/div>\n\n\n\n<p><\/p>\n\n\n\n<p><strong>B\u0130NAVLUN<\/strong> <strong>Fulfilment merkezlerimiz, depolama \u00e7\u00f6z\u00fcmlerimize ek olarak, \u00fcr\u00fcnlerinizin sadece depolanmas\u0131n\u0131 de\u011fil, kargoya verilmesine kadar olan t\u00fcm s\u00fcre\u00e7leri de kapsayan hizmetleri sundu\u011fumuz lokasyonlar\u0131m\u0131zd\u0131r. Burada stok aktif durumdad\u0131r ve genellikle \u00e7ok daha h\u0131zl\u0131 bir \u015fekilde \u00fcr\u00fcnleriniz depoland\u0131\u011f\u0131 raflardan i\u015fleme al\u0131narak, uzman ekiplerimiz taraf\u0131ndan elle\u00e7lenir, paketlendikten sonra da teslimata haz\u0131r hale getirilir.<\/strong><\/p>\n","protected":false},"excerpt":{"rendered":"<p>B\u0130 NAVLUN KARGO merkezlerimiz, depolama \u00e7\u00f6z\u00fcmlerimize ek olarak, \u00fcr\u00fcnlerinizin sadece depolanmas\u0131n\u0131 de\u011fil, kargoya verilmesine kadar olan t\u00fcm s\u00fcre\u00e7leri de kapsayan hizmetleri sundu\u011fumuz lokasyonlar\u0131m\u0131zd\u0131r. Depodan ve <a href=\"https:\/\/www.binavlun.com\/?page_id=344\" class=\"read-more-link\">[Read More&#8230;]<\/a><\/p>\n","protected":false},"author":1,"featured_media":0,"parent":0,"menu_order":0,"comment_status":"closed","ping_status":"closed","template":"","meta":{"footnotes":""},"_links":{"self":[{"href":"https:\/\/www.binavlun.com\/index.php?rest_route=\/wp\/v2\/pages\/344"}],"collection":[{"href":"https:\/\/www.binavlun.com\/index.php?rest_route=\/wp\/v2\/pages"}],"about":[{"href":"https:\/\/www.binavlun.com\/index.php?rest_route=\/wp\/v2\/types\/page"}],"author":[{"embeddable":true,"href":"https:\/\/www.binavlun.com\/index.php?rest_route=\/wp\/v2\/users\/1"}],"replies":[{"embeddable":true,"href":"https:\/\/www.binavlun.com\/index.php?rest_route=%2Fwp%2Fv2%2Fcomments&post=344"}],"version-history":[{"count":9,"href":"https:\/\/www.binavlun.com\/index.php?rest_route=\/wp\/v2\/pages\/344\/revisions"}],"predecessor-version":[{"id":441,"href":"https:\/\/www.binavlun.com\/index.php?rest_route=\/wp\/v2\/pages\/344\/revisions\/441"}],"wp:attachment":[{"href":"https:\/\/www.binavlun.com\/index.php?rest_route=%2Fwp%2Fv2%2Fmedia&parent=344"}],"curies":[{"name":"wp","href":"https:\/\/api.w.org\/{rel}","templated":true}]}}