{"id":409,"date":"2021-07-17T00:38:13","date_gmt":"2021-07-16T21:38:13","guid":{"rendered":"https:\/\/www.binavlun.com\/?page_id=409"},"modified":"2021-07-17T00:44:42","modified_gmt":"2021-07-16T21:44:42","slug":"tedarik-yonetim-zinciri","status":"publish","type":"page","link":"https:\/\/www.binavlun.com\/?page_id=409","title":{"rendered":"TEDAR\u0130K Y\u00d6NET\u0130M Z\u0130NC\u0130R\u0130"},"content":{"rendered":"\n<p><span class=\"has-inline-color has-very-dark-gray-color\"><strong>Tedarik Zinciri Y\u00f6netimi m\u00fc\u015fteriye, do\u011fru \u00fcr\u00fcn\u00fcn, do\u011fru zamanda, do\u011fru yerde, do\u011fru fiyata t\u00fcm tedarik zinciri i\u00e7in m\u00fcmk\u00fcn olan en d\u00fc\u015f\u00fck maliyetle ula\u015fmas\u0131n\u0131 sa\u011flayan malzeme, bilgi ve para ak\u0131\u015f\u0131n\u0131n entegre y\u00f6netimidir.\u00a0<a href=\"https:\/\/tr.wikipedia.org\/wiki\/Tedarik_zinciri_y%C3%B6netimi\">Vikipedi<\/a><\/strong><\/span><\/p>\n\n\n\n<div class=\"wp-block-image\"><figure class=\"aligncenter size-large is-resized\"><img loading=\"lazy\" decoding=\"async\" src=\"https:\/\/www.binavlun.com\/wp-content\/uploads\/2021\/07\/tedarik-yonetim-zinciri.png\" alt=\"\" class=\"wp-image-412\" width=\"496\" height=\"557\"\/><\/figure><\/div>\n","protected":false},"excerpt":{"rendered":"<p>Tedarik Zinciri Y\u00f6netimi m\u00fc\u015fteriye, do\u011fru \u00fcr\u00fcn\u00fcn, do\u011fru zamanda, do\u011fru yerde, do\u011fru fiyata t\u00fcm tedarik zinciri i\u00e7in m\u00fcmk\u00fcn olan en d\u00fc\u015f\u00fck maliyetle ula\u015fmas\u0131n\u0131 sa\u011flayan malzeme, bilgi <a href=\"https:\/\/www.binavlun.com\/?page_id=409\" class=\"read-more-link\">[Read More&#8230;]<\/a><\/p>\n","protected":false},"author":1,"featured_media":0,"parent":0,"menu_order":0,"comment_status":"closed","ping_status":"closed","template":"","meta":{"footnotes":""},"_links":{"self":[{"href":"https:\/\/www.binavlun.com\/index.php?rest_route=\/wp\/v2\/pages\/409"}],"collection":[{"href":"https:\/\/www.binavlun.com\/index.php?rest_route=\/wp\/v2\/pages"}],"about":[{"href":"https:\/\/www.binavlun.com\/index.php?rest_route=\/wp\/v2\/types\/page"}],"author":[{"embeddable":true,"href":"https:\/\/www.binavlun.com\/index.php?rest_route=\/wp\/v2\/users\/1"}],"replies":[{"embeddable":true,"href":"https:\/\/www.binavlun.com\/index.php?rest_route=%2Fwp%2Fv2%2Fcomments&post=409"}],"version-history":[{"count":4,"href":"https:\/\/www.binavlun.com\/index.php?rest_route=\/wp\/v2\/pages\/409\/revisions"}],"predecessor-version":[{"id":415,"href":"https:\/\/www.binavlun.com\/index.php?rest_route=\/wp\/v2\/pages\/409\/revisions\/415"}],"wp:attachment":[{"href":"https:\/\/www.binavlun.com\/index.php?rest_route=%2Fwp%2Fv2%2Fmedia&parent=409"}],"curies":[{"name":"wp","href":"https:\/\/api.w.org\/{rel}","templated":true}]}}